{"id":240,"date":"2025-12-03T07:49:10","date_gmt":"2025-12-03T07:49:10","guid":{"rendered":"https:\/\/gse.bilkent.edu.tr\/?page_id=240"},"modified":"2026-02-19T06:33:19","modified_gmt":"2026-02-19T06:33:19","slug":"policies-procedures","status":"publish","type":"page","link":"https:\/\/gse.bilkent.edu.tr\/?page_id=240","title":{"rendered":"Policies &#038; Procedures"},"content":{"rendered":"<p>\n <!-- BILKENT --><\/p>\n<details class=\"gse-accordion\">\n<summary>Bilkent University \u2013 Graduate Regulations &amp; Institutional Policies<\/summary>\n<div>\n<p>    <a href=\"https:\/\/w3.bilkent.edu.tr\/www\/lisansustu-egitim-ogretim-yonetmeligi\/\" target=\"_blank\" rel=\"noopener noreferrer\" class=\"gse-link\"><br \/>\n      Graduate Studies Rules and Regulations<br \/>\n    <\/a><\/p>\n<p>    <a href=\"https:\/\/w3.bilkent.edu.tr\/bilkent\/policy-on-conflicts-of-interest-and-commitment-academic-integrity\/\" target=\"_blank\" rel=\"noopener noreferrer\" class=\"gse-link\"><br \/>\n      Policy on Conflicts of Interest and Commitment &amp; Academic Integrity<br \/>\n    <\/a><\/p>\n<p>    <a href=\"https:\/\/gse.bilkent.edu.tr\/wp-content\/uploads\/2025\/12\/SAIC_Students-1.pdf\" target=\"_blank\" rel=\"noopener noreferrer\" class=\"gse-link\"><br \/>\n      Student Academic Integrity: Guidelines for Teaching Staff<br \/>\n    <\/a><\/p>\n<p>    <a href=\"https:\/\/w3.bilkent.edu.tr\/bilkent\/application-for-an-ethics-committee-approval-for-a-research-project-which-will-use-human-participants\/\" target=\"_blank\" rel=\"noopener noreferrer\" class=\"gse-link\"><br \/>\n      Process of Ethics Committee Approval for Research Involving Human Subjects<br \/>\n    <\/a><\/p>\n<p>    <a href=\"https:\/\/gse.bilkent.edu.tr\/wp-content\/uploads\/2025\/12\/YOK-EtikDavranisIlkeleri_20141110-1.pdf\" target=\"_blank\" rel=\"noopener noreferrer\" class=\"gse-link\"><br \/>\n      Principles and Ethical Code in Higher Education<br \/>\n    <\/a><\/p>\n<p>    <a href=\"https:\/\/gse.bilkent.edu.tr\/wp-content\/uploads\/2025\/12\/2017_ENG_thesis_turnitin_procedures-1.pdf\" target=\"_blank\" rel=\"noopener noreferrer\" class=\"gse-link\"><br \/>\n      Turnitin<br \/>\n    <\/a><\/p><\/div>\n<\/details>\n<p><!-- MEB --><\/p>\n<details class=\"gse-accordion\">\n<summary>Mill\u00ee E\u011fitim Bakanl\u0131\u011f\u0131 (MEB) \u2013 Research Authorization Regulations<\/summary>\n<div>\n<p>    <a href=\"https:\/\/arastirmaizinleri.meb.gov.tr\/\" target=\"_blank\" rel=\"noopener noreferrer\" class=\"gse-link\"><br \/>\n      Ara\u015ft\u0131rma Uygulama \u0130zinleri Ba\u015fvuru ve De\u011ferlendirme Sistemi<br \/>\n    <\/a><\/p>\n<div class=\"gse-note\">\n      Research conducted in public schools affiliated with the Ministry of National Education requires prior approval through this system.\n    <\/div>\n<\/p><\/div>\n<\/details>\n<p><!-- Y\u00d6K --><\/p>\n<details class=\"gse-accordion\">\n<summary>Y\u00fcksek\u00f6\u011fretim Kurulu (Y\u00d6K) \u2013 National Graduate Education Regulations<\/summary>\n<div>\n<p>    <a href=\"https:\/\/www.mevzuat.gov.tr\/mevzuat?MevzuatNo=21510&#038;MevzuatTur=7&#038;MevzuatTertip=5\" target=\"_blank\" rel=\"noopener noreferrer\" class=\"gse-link\"><br \/>\n      Lisans\u00fcst\u00fc E\u011fitim ve \u00d6\u011fretim Y\u00f6netmeli\u011fi<br \/>\n    <\/a><\/p>\n<p>    <a href=\"https:\/\/gse.bilkent.edu.tr\/wp-content\/uploads\/2025\/12\/Arastirma-Uygulama-Izinleri-24164337_genelge-1.pdf\" target=\"_blank\" rel=\"noopener noreferrer\" class=\"gse-link\"><br \/>\n      Lisans\u00fcst\u00fc Tezlerin Elektronik Ortamda Toplanmas\u0131, D\u00fczenlenmesi ve<br \/>\n      Eri\u015fime A\u00e7\u0131lmas\u0131na \u0130li\u015fkin Y\u00f6nerge<br \/>\n    <\/a><\/p>\n<p>    <a href=\"https:\/\/gse.bilkent.edu.tr\/wp-content\/uploads\/2025\/12\/YOK-EtikDavranisIlkeleri_20141110-1.pdf\"> Bilimsel Ara\u015ft\u0131rma ve Yay\u0131n Eti\u011fi Y\u00f6nergesi<br \/>\n    <\/a><\/p><\/div>\n<\/details>\n","protected":false},"excerpt":{"rendered":"","protected":false},"author":1,"featured_media":0,"parent":236,"menu_order":0,"comment_status":"closed","ping_status":"closed","template":"","meta":{"footnotes":""},"class_list":["post-240","page","type-page","status-publish","hentry"],"_links":{"self":[{"href":"https:\/\/gse.bilkent.edu.tr\/index.php?rest_route=\/wp\/v2\/pages\/240","targetHints":{"allow":["GET"]}}],"collection":[{"href":"https:\/\/gse.bilkent.edu.tr\/index.php?rest_route=\/wp\/v2\/pages"}],"about":[{"href":"https:\/\/gse.bilkent.edu.tr\/index.php?rest_route=\/wp\/v2\/types\/page"}],"author":[{"embeddable":true,"href":"https:\/\/gse.bilkent.edu.tr\/index.php?rest_route=\/wp\/v2\/users\/1"}],"replies":[{"embeddable":true,"href":"https:\/\/gse.bilkent.edu.tr\/index.php?rest_route=%2Fwp%2Fv2%2Fcomments&post=240"}],"version-history":[{"count":49,"href":"https:\/\/gse.bilkent.edu.tr\/index.php?rest_route=\/wp\/v2\/pages\/240\/revisions"}],"predecessor-version":[{"id":672,"href":"https:\/\/gse.bilkent.edu.tr\/index.php?rest_route=\/wp\/v2\/pages\/240\/revisions\/672"}],"up":[{"embeddable":true,"href":"https:\/\/gse.bilkent.edu.tr\/index.php?rest_route=\/wp\/v2\/pages\/236"}],"wp:attachment":[{"href":"https:\/\/gse.bilkent.edu.tr\/index.php?rest_route=%2Fwp%2Fv2%2Fmedia&parent=240"}],"curies":[{"name":"wp","href":"https:\/\/api.w.org\/{rel}","templated":true}]}}