{"id":238,"date":"2025-12-03T07:49:10","date_gmt":"2025-12-03T07:49:10","guid":{"rendered":"https:\/\/gse.bilkent.edu.tr\/?page_id=238"},"modified":"2026-02-19T06:31:05","modified_gmt":"2026-02-19T06:31:05","slug":"forms-and-templates-for-students","status":"publish","type":"page","link":"https:\/\/gse.bilkent.edu.tr\/?page_id=238","title":{"rendered":"Forms for Students"},"content":{"rendered":"<style>\n.fts-section {\n  margin-bottom: 30px;\n}<\/p>\n<p>.fts-accordion {\n  border: 1px solid #d7e3f4;\n  border-radius: 6px;\n  margin-bottom: 15px;\n  overflow: hidden;\n}<\/p>\n<p>.fts-accordion summary {\n  background: #f0f6ff;\n  padding: 14px 18px;\n  cursor: pointer;\n  font-weight: 600;\n  color: #0033a0;\n  font-size: 1.05rem;\n}<\/p>\n<p>.fts-accordion summary:hover {\n  background: #e6efff;\n}<\/p>\n<p>.fts-accordion div {\n  padding: 16px 20px;\n  background: #ffffff;\n}<\/p>\n<p>.fts-accordion ul {\n  padding-left: 20px;\n}<\/p>\n<p>.fts-accordion li {\n  margin-bottom: 8px;\n}<\/p>\n<p>.fts-accordion a {\n  color: #0033a0;\n  font-weight: 600;\n  text-decoration: underline;\n}<\/p>\n<p>.fts-note {\n  margin-top: 15px;\n  font-size: 0.95rem;\n  color: #444;\n}\n<\/style>\n<h2>Forms for Students<\/h2>\n<p><!-- K\u201312 RESEARCH FORMS --><\/p>\n<details class=\"fts-accordion\">\n<summary>Forms for Conducting Research in K\u201312 Schools<\/summary>\n<div>\n<div style=\"background:#f8fbff; border-left:4px solid #0033a0; padding:14px 16px; margin-bottom:18px;\">\n<p style=\"margin:0;\">\n        \u00dcniversiteler, kamu kurum ve kurulu\u015flar\u0131, sivil toplum kurulu\u015flar\u0131, \u00f6\u011frenciler ve ba\u011f\u0131ms\u0131z ara\u015ft\u0131rmac\u0131lar;<br \/>\n        Mill\u00ee E\u011fitim Bakanl\u0131\u011f\u0131 b\u00fcnyesinde y\u00fcr\u00fctecekleri ulusal ve uluslararas\u0131 ara\u015ft\u0131rmalar i\u00e7in ba\u015fvuru ve de\u011ferlendirme<br \/>\n        s\u00fcre\u00e7lerini <strong>\u201cAra\u015ft\u0131rma Uygulama \u0130zinleri Ba\u015fvuru ve De\u011ferlendirme Sistemi\u201d<\/strong> \u00fczerinden y\u00fcr\u00fctmektedir.\n      <\/p>\n<\/p><\/div>\n<p><strong>Ba\u015fvuruda Talep Edilecek Belgeler<\/strong><\/p>\n<ul>\n<li>Mill\u00ee E\u011fitim Bakanl\u0131\u011f\u0131 Ara\u015ft\u0131rma Uygulama \u0130zni Ba\u015fvuru Taahh\u00fctnamesi<\/li>\n<li>Etik Kurul Onay Belgesi<\/li>\n<li><strong>Ara\u015ft\u0131rmac\u0131 \u00f6\u011frenci ise:<\/strong> Tez \u00f6nerisi ve onay belgesi<\/li>\n<li><strong>Ara\u015ft\u0131rmac\u0131 \u00f6\u011frenci de\u011fil ise:<\/strong> Ara\u015ft\u0131rma \/ Proje Bilgileri belgesi<\/li>\n<li>Veri toplama ara\u00e7lar\u0131n\u0131n tamam\u0131<\/li>\n<li>Ayr\u0131nt\u0131l\u0131 Bilgilendirme ve G\u00f6n\u00fcll\u00fc Kat\u0131l\u0131m Formu<\/li>\n<li>Veli Onam Formu<\/li>\n<li>Veri Toplama Arac\u0131 Kullan\u0131m \u0130zni<\/li>\n<li>Yabanc\u0131 dilde haz\u0131rlanan belgeler ve terc\u00fcmeleri<\/li>\n<\/ul>\n<p class=\"fts-note\">\n      Ba\u015fvuruya ili\u015fkin t\u00fcm belgeler gizlilik esaslar\u0131na uygun olarak de\u011ferlendirilir.\n    <\/p>\n<hr style=\"border:none; border-top:1px solid #e2e8f0; margin:22px 0;\">\n<p><strong>Y\u00f6nergeler ve Resm\u00ee Belgeler<\/strong><\/p>\n<ul>\n<li>\n        <a href=\"https:\/\/gse.bilkent.edu.tr\/wp-content\/uploads\/2025\/12\/arastirma_uygulama_izinleri_yonergesi-1.pdf\"\n           target=\"_blank\" rel=\"noopener noreferrer\"><br \/>\n          Ara\u015ft\u0131rma Uygulama \u0130zinleri Y\u00f6nergesi<br \/>\n        <\/a>\n      <\/li>\n<li>\n        <a href=\"https:\/\/ttkb.meb.gov.tr\/www\/arastirma-uygulama-izinleri-basvuru-ve-degerlendirme-kilavuzu-yayimlandi\/icerik\/782\"\n           target=\"_blank\" rel=\"noopener noreferrer\"><br \/>\n          Ba\u015fvuru ve De\u011ferlendirme K\u0131lavuzu<br \/>\n        <\/a>\n      <\/li>\n<\/ul><\/div>\n<\/details>\n<p><!-- HIGHER EDUCATION --><\/p>\n<details class=\"fts-accordion\">\n<summary>Forms for Conducting Research in Higher Education<\/summary>\n<div>\n<ul>\n<li>\n        <a href=\"https:\/\/w3.bilkent.edu.tr\/bilkent\/application-for-an-ethics-committee-approval-for-a-research-project-which-will-use-human-participants\/\"\n           target=\"_blank\" rel=\"noopener noreferrer\"><br \/>\n          Ethics Committee Approval Forms<br \/>\n        <\/a>\n      <\/li>\n<li>\n        <a href=\"https:\/\/w3.bilkent.edu.tr\/bilkent\/policy-on-conflicts-of-interest-and-commitment-academic-integrity\/\"\n           target=\"_blank\" rel=\"noopener noreferrer\"><br \/>\n          Policy on Conflicts of Interest &amp; Commitment<br \/>\n        <\/a>\n      <\/li>\n<li>\n        <a href=\"https:\/\/gse.bilkent.edu.tr\/wp-content\/uploads\/2025\/12\/SAIC_Students-1.pdf\"\n           target=\"_blank\" rel=\"noopener noreferrer\"><br \/>\n          Academic Integrity and Guidelines for Students<br \/>\n        <\/a>\n      <\/li>\n<li>\n        <a href=\"https:\/\/gse.bilkent.edu.tr\/wp-content\/uploads\/2025\/12\/YOK-EtikDavranisIlkeleri_20141110-1.pdf\"\n           target=\"_blank\" rel=\"noopener noreferrer\"><br \/>\n          Principles and Ethical Code in Higher Education<br \/>\n        <\/a><\/p>\n<li>\n  <a href=\"https:\/\/gse.bilkent.edu.tr\/wp-content\/uploads\/2025\/12\/Basvuru-Formu_Arastirma_HE-2.docx\"\n     target=\"_blank\" rel=\"noopener noreferrer\"><br \/>\n    Application Form for Conducting Research at Another University<\/a> <span> [<a href=\"https:\/\/gse.bilkent.edu.tr\/wp-content\/uploads\/2025\/12\/Proposal-Template-Turkish-for-HE-1.docx\"target=\"_blank\" rel=\"noopener noreferrer\">Sample Proposal Template<\/a>]<br \/>\n  <\/span>\n<\/li>\n<p><!-- PHD MONITORING --><\/p>\n<details class=\"fts-accordion\">\n<summary>PhD Dissertation Monitoring Committee<\/summary>\n<div>\n<ul>\n<li>\n        <a href=\"https:\/\/gse.bilkent.edu.tr\/wp-content\/uploads\/2025\/12\/PhD-Thesis-Monitoring-Committee-Report-Form-1.docx\"\n           target=\"_blank\" rel=\"noopener noreferrer\"><br \/>\n          PhD Dissertation Monitoring Progress Report Form<br \/>\n        <\/a><br \/>\n        (to be submitted before each meeting)\n      <\/li>\n<\/ul><\/div>\n<\/details>\n\n\n\n<p><\/p>\n","protected":false},"excerpt":{"rendered":"","protected":false},"author":1,"featured_media":0,"parent":236,"menu_order":0,"comment_status":"closed","ping_status":"closed","template":"","meta":{"footnotes":""},"class_list":["post-238","page","type-page","status-publish","hentry"],"_links":{"self":[{"href":"https:\/\/gse.bilkent.edu.tr\/index.php?rest_route=\/wp\/v2\/pages\/238","targetHints":{"allow":["GET"]}}],"collection":[{"href":"https:\/\/gse.bilkent.edu.tr\/index.php?rest_route=\/wp\/v2\/pages"}],"about":[{"href":"https:\/\/gse.bilkent.edu.tr\/index.php?rest_route=\/wp\/v2\/types\/page"}],"author":[{"embeddable":true,"href":"https:\/\/gse.bilkent.edu.tr\/index.php?rest_route=\/wp\/v2\/users\/1"}],"replies":[{"embeddable":true,"href":"https:\/\/gse.bilkent.edu.tr\/index.php?rest_route=%2Fwp%2Fv2%2Fcomments&post=238"}],"version-history":[{"count":68,"href":"https:\/\/gse.bilkent.edu.tr\/index.php?rest_route=\/wp\/v2\/pages\/238\/revisions"}],"predecessor-version":[{"id":671,"href":"https:\/\/gse.bilkent.edu.tr\/index.php?rest_route=\/wp\/v2\/pages\/238\/revisions\/671"}],"up":[{"embeddable":true,"href":"https:\/\/gse.bilkent.edu.tr\/index.php?rest_route=\/wp\/v2\/pages\/236"}],"wp:attachment":[{"href":"https:\/\/gse.bilkent.edu.tr\/index.php?rest_route=%2Fwp%2Fv2%2Fmedia&parent=238"}],"curies":[{"name":"wp","href":"https:\/\/api.w.org\/{rel}","templated":true}]}}